{"id":53,"date":"2023-01-22T16:40:40","date_gmt":"2023-01-22T19:40:40","guid":{"rendered":"https:\/\/localhost\/archdev.com\/?page_id=53"},"modified":"2025-08-22T09:37:02","modified_gmt":"2025-08-22T12:37:02","slug":"home","status":"publish","type":"page","link":"https:\/\/archdevtech.com\/","title":{"rendered":"Home"},"content":{"rendered":"\n<div class=\"wp-block-media-text alignwide has-media-on-the-right is-stacked-on-mobile\" style=\"grid-template-columns:auto 30%\"><div class=\"wp-block-media-text__content\">\n<p class=\"has-text-align-left\">Empresa de tecnologia especializada em analisar e desenvolver as melhores solu\u00e7\u00f5es em conjunto com novas tecnologias para organiza\u00e7\u00f5es que visam buscar, agregar valor e destaque no mercado.<\/p>\n\n\n\n<p><\/p>\n\n\n\n<p>Utilizando metodologia \u00e1gil para o desenvolvimento de projetos, a vis\u00e3o do cliente se torna transparente ao o que est\u00e1 sendo desenvolvido demonstrando a satisfa\u00e7\u00e3o no atendimento atingindo sua expectativa.<\/p>\n<\/div><figure class=\"wp-block-media-text__media\"><img loading=\"lazy\" decoding=\"async\" width=\"1024\" height=\"980\" src=\"https:\/\/archdevtech.com\/wp-content\/uploads\/2023\/01\/working-1024x980.png\" alt=\"\" class=\"wp-image-205 size-full\" srcset=\"https:\/\/archdevtech.com\/wp-content\/uploads\/2023\/01\/working-1024x980.png 1024w, https:\/\/archdevtech.com\/wp-content\/uploads\/2023\/01\/working-300x287.png 300w, https:\/\/archdevtech.com\/wp-content\/uploads\/2023\/01\/working-768x735.png 768w, https:\/\/archdevtech.com\/wp-content\/uploads\/2023\/01\/working-1536x1470.png 1536w, https:\/\/archdevtech.com\/wp-content\/uploads\/2023\/01\/working.png 1667w\" sizes=\"auto, (max-width: 1024px) 100vw, 1024px\" \/><\/figure><\/div>\n","protected":false},"excerpt":{"rendered":"<p>Empresa de tecnologia especializada em analisar e desenvolver as melhores solu\u00e7\u00f5es em conjunto com novas tecnologias para organiza\u00e7\u00f5es que visam buscar, agregar valor e destaque no mercado. Utilizando metodologia \u00e1gil para o desenvolvimento de projetos, a vis\u00e3o do cliente se torna transparente ao o que est\u00e1 sendo desenvolvido demonstrando a satisfa\u00e7\u00e3o no atendimento atingindo sua [&hellip;]<\/p>\n","protected":false},"author":1,"featured_media":0,"parent":0,"menu_order":0,"comment_status":"closed","ping_status":"closed","template":"","meta":{"_monsterinsights_skip_tracking":false,"_monsterinsights_sitenote_active":false,"_monsterinsights_sitenote_note":"","_monsterinsights_sitenote_category":0,"footnotes":""},"class_list":["post-53","page","type-page","status-publish","hentry"],"yoast_head":"<!-- This site is optimized with the Yoast SEO plugin v27.2 - https:\/\/yoast.com\/product\/yoast-seo-wordpress\/ -->\n<title>Home - ArchDev Tecnologia.<\/title>\n<meta name=\"description\" content=\"Solu\u00e7\u00f5es tecnol\u00f3gicas completas para sua empresa: desenvolvimento de software sob medida, e-commerce, sites e landing pages que geram resultados. Capacita\u00e7\u00e3o e equipamentos de inform\u00e1tica de qualidade. ArchDev Tecnologia.\" \/>\n<meta name=\"robots\" content=\"index, follow, max-snippet:-1, max-image-preview:large, max-video-preview:-1\" \/>\n<link rel=\"canonical\" href=\"https:\/\/archdevtech.com\/\" \/>\n<meta property=\"og:locale\" content=\"pt_BR\" \/>\n<meta property=\"og:type\" content=\"article\" \/>\n<meta property=\"og:title\" content=\"Home - ArchDev Tecnologia.\" \/>\n<meta property=\"og:description\" content=\"Solu\u00e7\u00f5es tecnol\u00f3gicas completas para sua empresa: desenvolvimento de software sob medida, e-commerce, sites e landing pages que geram resultados. Capacita\u00e7\u00e3o e equipamentos de inform\u00e1tica de qualidade. ArchDev Tecnologia.\" \/>\n<meta property=\"og:url\" content=\"https:\/\/archdevtech.com\/\" \/>\n<meta property=\"og:site_name\" content=\"ArchDev Tecnologia.\" \/>\n<meta property=\"article:modified_time\" content=\"2025-08-22T12:37:02+00:00\" \/>\n<meta property=\"og:image\" content=\"https:\/\/archdevtech.com\/wp-content\/uploads\/2023\/01\/working.png\" \/>\n\t<meta property=\"og:image:width\" content=\"1667\" \/>\n\t<meta property=\"og:image:height\" content=\"1595\" \/>\n\t<meta property=\"og:image:type\" content=\"image\/png\" \/>\n<meta name=\"twitter:card\" content=\"summary_large_image\" \/>\n<meta name=\"twitter:label1\" content=\"Est. tempo de leitura\" \/>\n\t<meta name=\"twitter:data1\" content=\"2 minutos\" \/>\n<script type=\"application\/ld+json\" class=\"yoast-schema-graph\">{\"@context\":\"https:\/\/schema.org\",\"@graph\":[{\"@type\":\"WebPage\",\"@id\":\"https:\/\/archdevtech.com\/\",\"url\":\"https:\/\/archdevtech.com\/\",\"name\":\"Home - ArchDev Tecnologia.\",\"isPartOf\":{\"@id\":\"https:\/\/archdevtech.com\/#website\"},\"primaryImageOfPage\":{\"@id\":\"https:\/\/archdevtech.com\/#primaryimage\"},\"image\":{\"@id\":\"https:\/\/archdevtech.com\/#primaryimage\"},\"thumbnailUrl\":\"https:\/\/archdevtech.com\/wp-content\/uploads\/2023\/01\/working-1024x980.png\",\"datePublished\":\"2023-01-22T19:40:40+00:00\",\"dateModified\":\"2025-08-22T12:37:02+00:00\",\"description\":\"Solu\u00e7\u00f5es tecnol\u00f3gicas completas para sua empresa: desenvolvimento de software sob medida, e-commerce, sites e landing pages que geram resultados. Capacita\u00e7\u00e3o e equipamentos de inform\u00e1tica de qualidade. ArchDev Tecnologia.\",\"breadcrumb\":{\"@id\":\"https:\/\/archdevtech.com\/#breadcrumb\"},\"inLanguage\":\"pt-BR\",\"potentialAction\":[{\"@type\":\"ReadAction\",\"target\":[\"https:\/\/archdevtech.com\/\"]}]},{\"@type\":\"ImageObject\",\"inLanguage\":\"pt-BR\",\"@id\":\"https:\/\/archdevtech.com\/#primaryimage\",\"url\":\"https:\/\/archdevtech.com\/wp-content\/uploads\/2023\/01\/working.png\",\"contentUrl\":\"https:\/\/archdevtech.com\/wp-content\/uploads\/2023\/01\/working.png\",\"width\":1667,\"height\":1595},{\"@type\":\"BreadcrumbList\",\"@id\":\"https:\/\/archdevtech.com\/#breadcrumb\",\"itemListElement\":[{\"@type\":\"ListItem\",\"position\":1,\"name\":\"In\u00edcio\",\"item\":\"https:\/\/archdevtech.com\/\"},{\"@type\":\"ListItem\",\"position\":2,\"name\":\"Home\"}]},{\"@type\":\"WebSite\",\"@id\":\"https:\/\/archdevtech.com\/#website\",\"url\":\"https:\/\/archdevtech.com\/\",\"name\":\"ArchDev Tecnologia em Sistemas\",\"description\":\"\",\"publisher\":{\"@id\":\"https:\/\/archdevtech.com\/#organization\"},\"potentialAction\":[{\"@type\":\"SearchAction\",\"target\":{\"@type\":\"EntryPoint\",\"urlTemplate\":\"https:\/\/archdevtech.com\/?s={search_term_string}\"},\"query-input\":{\"@type\":\"PropertyValueSpecification\",\"valueRequired\":true,\"valueName\":\"search_term_string\"}}],\"inLanguage\":\"pt-BR\"},{\"@type\":\"Organization\",\"@id\":\"https:\/\/archdevtech.com\/#organization\",\"name\":\"ArchDev Tecnologia em Sistemas\",\"url\":\"https:\/\/archdevtech.com\/\",\"logo\":{\"@type\":\"ImageObject\",\"inLanguage\":\"pt-BR\",\"@id\":\"https:\/\/archdevtech.com\/#\/schema\/logo\/image\/\",\"url\":\"https:\/\/archdevtech.com\/wp-content\/uploads\/2025\/07\/Archdev_final_original_500px.png\",\"contentUrl\":\"https:\/\/archdevtech.com\/wp-content\/uploads\/2025\/07\/Archdev_final_original_500px.png\",\"width\":500,\"height\":96,\"caption\":\"ArchDev Tecnologia em Sistemas\"},\"image\":{\"@id\":\"https:\/\/archdevtech.com\/#\/schema\/logo\/image\/\"}}]}<\/script>\n<!-- \/ Yoast SEO plugin. -->","yoast_head_json":{"title":"Home - ArchDev Tecnologia.","description":"Solu\u00e7\u00f5es tecnol\u00f3gicas completas para sua empresa: desenvolvimento de software sob medida, e-commerce, sites e landing pages que geram resultados. Capacita\u00e7\u00e3o e equipamentos de inform\u00e1tica de qualidade. ArchDev Tecnologia.","robots":{"index":"index","follow":"follow","max-snippet":"max-snippet:-1","max-image-preview":"max-image-preview:large","max-video-preview":"max-video-preview:-1"},"canonical":"https:\/\/archdevtech.com\/","og_locale":"pt_BR","og_type":"article","og_title":"Home - ArchDev Tecnologia.","og_description":"Solu\u00e7\u00f5es tecnol\u00f3gicas completas para sua empresa: desenvolvimento de software sob medida, e-commerce, sites e landing pages que geram resultados. Capacita\u00e7\u00e3o e equipamentos de inform\u00e1tica de qualidade. ArchDev Tecnologia.","og_url":"https:\/\/archdevtech.com\/","og_site_name":"ArchDev Tecnologia.","article_modified_time":"2025-08-22T12:37:02+00:00","og_image":[{"width":1667,"height":1595,"url":"https:\/\/archdevtech.com\/wp-content\/uploads\/2023\/01\/working.png","type":"image\/png"}],"twitter_card":"summary_large_image","twitter_misc":{"Est. tempo de leitura":"2 minutos"},"schema":{"@context":"https:\/\/schema.org","@graph":[{"@type":"WebPage","@id":"https:\/\/archdevtech.com\/","url":"https:\/\/archdevtech.com\/","name":"Home - ArchDev Tecnologia.","isPartOf":{"@id":"https:\/\/archdevtech.com\/#website"},"primaryImageOfPage":{"@id":"https:\/\/archdevtech.com\/#primaryimage"},"image":{"@id":"https:\/\/archdevtech.com\/#primaryimage"},"thumbnailUrl":"https:\/\/archdevtech.com\/wp-content\/uploads\/2023\/01\/working-1024x980.png","datePublished":"2023-01-22T19:40:40+00:00","dateModified":"2025-08-22T12:37:02+00:00","description":"Solu\u00e7\u00f5es tecnol\u00f3gicas completas para sua empresa: desenvolvimento de software sob medida, e-commerce, sites e landing pages que geram resultados. Capacita\u00e7\u00e3o e equipamentos de inform\u00e1tica de qualidade. ArchDev Tecnologia.","breadcrumb":{"@id":"https:\/\/archdevtech.com\/#breadcrumb"},"inLanguage":"pt-BR","potentialAction":[{"@type":"ReadAction","target":["https:\/\/archdevtech.com\/"]}]},{"@type":"ImageObject","inLanguage":"pt-BR","@id":"https:\/\/archdevtech.com\/#primaryimage","url":"https:\/\/archdevtech.com\/wp-content\/uploads\/2023\/01\/working.png","contentUrl":"https:\/\/archdevtech.com\/wp-content\/uploads\/2023\/01\/working.png","width":1667,"height":1595},{"@type":"BreadcrumbList","@id":"https:\/\/archdevtech.com\/#breadcrumb","itemListElement":[{"@type":"ListItem","position":1,"name":"In\u00edcio","item":"https:\/\/archdevtech.com\/"},{"@type":"ListItem","position":2,"name":"Home"}]},{"@type":"WebSite","@id":"https:\/\/archdevtech.com\/#website","url":"https:\/\/archdevtech.com\/","name":"ArchDev Tecnologia em Sistemas","description":"","publisher":{"@id":"https:\/\/archdevtech.com\/#organization"},"potentialAction":[{"@type":"SearchAction","target":{"@type":"EntryPoint","urlTemplate":"https:\/\/archdevtech.com\/?s={search_term_string}"},"query-input":{"@type":"PropertyValueSpecification","valueRequired":true,"valueName":"search_term_string"}}],"inLanguage":"pt-BR"},{"@type":"Organization","@id":"https:\/\/archdevtech.com\/#organization","name":"ArchDev Tecnologia em Sistemas","url":"https:\/\/archdevtech.com\/","logo":{"@type":"ImageObject","inLanguage":"pt-BR","@id":"https:\/\/archdevtech.com\/#\/schema\/logo\/image\/","url":"https:\/\/archdevtech.com\/wp-content\/uploads\/2025\/07\/Archdev_final_original_500px.png","contentUrl":"https:\/\/archdevtech.com\/wp-content\/uploads\/2025\/07\/Archdev_final_original_500px.png","width":500,"height":96,"caption":"ArchDev Tecnologia em Sistemas"},"image":{"@id":"https:\/\/archdevtech.com\/#\/schema\/logo\/image\/"}}]}},"_links":{"self":[{"href":"https:\/\/archdevtech.com\/index.php\/wp-json\/wp\/v2\/pages\/53","targetHints":{"allow":["GET"]}}],"collection":[{"href":"https:\/\/archdevtech.com\/index.php\/wp-json\/wp\/v2\/pages"}],"about":[{"href":"https:\/\/archdevtech.com\/index.php\/wp-json\/wp\/v2\/types\/page"}],"author":[{"embeddable":true,"href":"https:\/\/archdevtech.com\/index.php\/wp-json\/wp\/v2\/users\/1"}],"replies":[{"embeddable":true,"href":"https:\/\/archdevtech.com\/index.php\/wp-json\/wp\/v2\/comments?post=53"}],"version-history":[{"count":10,"href":"https:\/\/archdevtech.com\/index.php\/wp-json\/wp\/v2\/pages\/53\/revisions"}],"predecessor-version":[{"id":265,"href":"https:\/\/archdevtech.com\/index.php\/wp-json\/wp\/v2\/pages\/53\/revisions\/265"}],"wp:attachment":[{"href":"https:\/\/archdevtech.com\/index.php\/wp-json\/wp\/v2\/media?parent=53"}],"curies":[{"name":"wp","href":"https:\/\/api.w.org\/{rel}","templated":true}]}}