{"id":174,"date":"2023-01-23T22:36:15","date_gmt":"2023-01-24T01:36:15","guid":{"rendered":"https:\/\/localhost\/archdev.com\/?page_id=174"},"modified":"2023-03-20T08:18:30","modified_gmt":"2023-03-20T11:18:30","slug":"servicos","status":"publish","type":"page","link":"https:\/\/archdevtech.com\/index.php\/servicos\/","title":{"rendered":"Servi\u00e7os"},"content":{"rendered":"\n<div class=\"wp-block-group alignwide has-global-padding is-layout-constrained wp-block-group-is-layout-constrained\">\n<div class=\"wp-block-columns is-layout-flex wp-container-core-columns-is-layout-28f84493 wp-block-columns-is-layout-flex\">\n<div class=\"wp-block-column is-layout-flow wp-block-column-is-layout-flow\" style=\"flex-basis:66.66%\">\n<p><strong>ERP TOTVS\u00ae Protheus<\/strong><\/p>\n\n\n\n<ul class=\"wp-block-list\">\n<li> Upgrade de vers\u00e3o.<\/li>\n\n\n\n<li>Aplica\u00e7\u00e3o de patchs.<\/li>\n\n\n\n<li>Implanta\u00e7\u00e3o de rotinas.<\/li>\n\n\n\n<li>Desenvolvimento de rotinas customizadas.<\/li>\n\n\n\n<li>Integra\u00e7\u00f5es utilizando arquiteturas REST ou SOAP.<\/li>\n\n\n\n<li>Desenvolvimento web utilizando o Protheus como backend.<\/li>\n\n\n\n<li>Implanta\u00e7\u00f5es de workflows para o melhoramento de processos.<\/li>\n\n\n\n<li>Desenvolvimento de relat\u00f3rios gerenciais.<\/li>\n<\/ul>\n<\/div>\n\n\n\n<div class=\"wp-block-column is-vertically-aligned-top is-layout-flow wp-block-column-is-layout-flow\" style=\"flex-basis:33.33%\">\n<figure class=\"wp-block-image size-large is-resized is-style-rounded\"><img loading=\"lazy\" decoding=\"async\" src=\"https:\/\/archdevtech.com\/wp-content\/uploads\/2023\/01\/ilustracao-de-erp-de-design-plano-desenhado-a-mao_23-2149365029-1024x1024.webp\" alt=\"\" class=\"wp-image-207\" width=\"303\" height=\"303\" srcset=\"https:\/\/archdevtech.com\/wp-content\/uploads\/2023\/01\/ilustracao-de-erp-de-design-plano-desenhado-a-mao_23-2149365029-1024x1024.webp 1024w, https:\/\/archdevtech.com\/wp-content\/uploads\/2023\/01\/ilustracao-de-erp-de-design-plano-desenhado-a-mao_23-2149365029-300x300.webp 300w, https:\/\/archdevtech.com\/wp-content\/uploads\/2023\/01\/ilustracao-de-erp-de-design-plano-desenhado-a-mao_23-2149365029-150x150.webp 150w, https:\/\/archdevtech.com\/wp-content\/uploads\/2023\/01\/ilustracao-de-erp-de-design-plano-desenhado-a-mao_23-2149365029-768x768.webp 768w, https:\/\/archdevtech.com\/wp-content\/uploads\/2023\/01\/ilustracao-de-erp-de-design-plano-desenhado-a-mao_23-2149365029-1536x1536.webp 1536w, https:\/\/archdevtech.com\/wp-content\/uploads\/2023\/01\/ilustracao-de-erp-de-design-plano-desenhado-a-mao_23-2149365029.webp 2000w\" sizes=\"auto, (max-width: 303px) 100vw, 303px\" \/><\/figure>\n<\/div>\n<\/div>\n<\/div>\n\n\n\n<div class=\"wp-block-columns is-layout-flex wp-container-core-columns-is-layout-28f84493 wp-block-columns-is-layout-flex\">\n<div class=\"wp-block-column is-layout-flow wp-block-column-is-layout-flow\" style=\"flex-basis:33.33%\">\n<figure class=\"wp-block-image size-full is-resized is-style-default\"><img loading=\"lazy\" decoding=\"async\" src=\"https:\/\/archdevtech.com\/wp-content\/uploads\/2023\/01\/webdevelopment-banner.png\" alt=\"\" class=\"wp-image-208\" width=\"335\" height=\"194\" srcset=\"https:\/\/archdevtech.com\/wp-content\/uploads\/2023\/01\/webdevelopment-banner.png 614w, https:\/\/archdevtech.com\/wp-content\/uploads\/2023\/01\/webdevelopment-banner-300x174.png 300w\" sizes=\"auto, (max-width: 335px) 100vw, 335px\" \/><\/figure>\n<\/div>\n\n\n\n<div class=\"wp-block-column is-layout-flow wp-block-column-is-layout-flow\" style=\"flex-basis:66.66%\">\n<p><strong>Desenvolvimento Web<\/strong><\/p>\n\n\n\n<ul class=\"wp-block-list\">\n<li>Hospedagem e desenvolvimento de websites.<\/li>\n\n\n\n<li>Desenvolvimento de aplica\u00e7\u00f5es web.<\/li>\n\n\n\n<li>Configura\u00e7\u00e3o de dom\u00ednio na web.<\/li>\n\n\n\n<li>Configura\u00e7\u00e3o de e-mails com dom\u00ednio pr\u00f3prio.<\/li>\n\n\n\n<li>Corre\u00e7\u00f5es de erros e bugs.<\/li>\n\n\n\n<li>Atualiza\u00e7\u00e3o de conte\u00fados de p\u00e1ginas web.<\/li>\n<\/ul>\n<\/div>\n<\/div>\n\n\n\n<div class=\"wp-block-columns is-layout-flex wp-container-core-columns-is-layout-28f84493 wp-block-columns-is-layout-flex\">\n<div class=\"wp-block-column is-layout-flow wp-block-column-is-layout-flow\" style=\"flex-basis:66.66%\">\n<p><strong>Bancos de dados<\/strong><\/p>\n\n\n\n<ul class=\"wp-block-list\">\n<li>Modelagem e desenvolvimento de bancos de dados relacionais utilizando SGBD&#8217;s como Microsoft SQL, PostgreSQL, MySQL, Maria DataBase.<\/li>\n\n\n\n<li>Desenvolvimento de consultas SQL, triggers, functions, procedures.<\/li>\n\n\n\n<li>Desenvolvimento de consultas e modelagem de dados voltados para Business Intelligence.<\/li>\n\n\n\n<li> Implementa\u00e7\u00e3o de backups.<\/li>\n<\/ul>\n<\/div>\n\n\n\n<div class=\"wp-block-column is-layout-flow wp-block-column-is-layout-flow\" style=\"flex-basis:33.33%\">\n<figure class=\"wp-block-image size-full is-resized\"><img loading=\"lazy\" decoding=\"async\" src=\"https:\/\/archdevtech.com\/wp-content\/uploads\/2023\/01\/data-base.jpg\" alt=\"\" class=\"wp-image-210\" width=\"362\" height=\"220\" srcset=\"https:\/\/archdevtech.com\/wp-content\/uploads\/2023\/01\/data-base.jpg 800w, https:\/\/archdevtech.com\/wp-content\/uploads\/2023\/01\/data-base-300x183.jpg 300w, https:\/\/archdevtech.com\/wp-content\/uploads\/2023\/01\/data-base-768x469.jpg 768w\" sizes=\"auto, (max-width: 362px) 100vw, 362px\" \/><\/figure>\n<\/div>\n<\/div>\n","protected":false},"excerpt":{"rendered":"<p>ERP TOTVS\u00ae Protheus Desenvolvimento Web Bancos de dados<\/p>\n","protected":false},"author":1,"featured_media":0,"parent":0,"menu_order":0,"comment_status":"closed","ping_status":"closed","template":"","meta":{"_monsterinsights_skip_tracking":false,"_monsterinsights_sitenote_active":false,"_monsterinsights_sitenote_note":"","_monsterinsights_sitenote_category":0,"footnotes":""},"class_list":["post-174","page","type-page","status-publish","hentry"],"yoast_head":"<!-- This site is optimized with the Yoast SEO plugin v27.2 - https:\/\/yoast.com\/product\/yoast-seo-wordpress\/ -->\n<title>Servi\u00e7os - ArchDev Tecnologia.<\/title>\n<meta name=\"robots\" content=\"index, follow, max-snippet:-1, max-image-preview:large, max-video-preview:-1\" \/>\n<link rel=\"canonical\" href=\"https:\/\/archdevtech.com\/index.php\/servicos\/\" \/>\n<meta property=\"og:locale\" content=\"pt_BR\" \/>\n<meta property=\"og:type\" content=\"article\" \/>\n<meta property=\"og:title\" content=\"Servi\u00e7os - ArchDev Tecnologia.\" \/>\n<meta property=\"og:description\" content=\"ERP TOTVS\u00ae Protheus Desenvolvimento Web Bancos de dados\" \/>\n<meta property=\"og:url\" content=\"https:\/\/archdevtech.com\/index.php\/servicos\/\" \/>\n<meta property=\"og:site_name\" content=\"ArchDev Tecnologia.\" \/>\n<meta property=\"article:modified_time\" content=\"2023-03-20T11:18:30+00:00\" \/>\n<meta property=\"og:image\" content=\"https:\/\/archdevtech.com\/wp-content\/uploads\/2023\/01\/ilustracao-de-erp-de-design-plano-desenhado-a-mao_23-2149365029-1024x1024.webp\" \/>\n<meta name=\"twitter:card\" content=\"summary_large_image\" \/>\n<meta name=\"twitter:label1\" content=\"Est. tempo de leitura\" \/>\n\t<meta name=\"twitter:data1\" content=\"2 minutos\" \/>\n<script type=\"application\/ld+json\" class=\"yoast-schema-graph\">{\"@context\":\"https:\/\/schema.org\",\"@graph\":[{\"@type\":\"WebPage\",\"@id\":\"https:\/\/archdevtech.com\/index.php\/servicos\/\",\"url\":\"https:\/\/archdevtech.com\/index.php\/servicos\/\",\"name\":\"Servi\u00e7os - ArchDev Tecnologia.\",\"isPartOf\":{\"@id\":\"https:\/\/archdevtech.com\/#website\"},\"primaryImageOfPage\":{\"@id\":\"https:\/\/archdevtech.com\/index.php\/servicos\/#primaryimage\"},\"image\":{\"@id\":\"https:\/\/archdevtech.com\/index.php\/servicos\/#primaryimage\"},\"thumbnailUrl\":\"https:\/\/archdevtech.com\/wp-content\/uploads\/2023\/01\/ilustracao-de-erp-de-design-plano-desenhado-a-mao_23-2149365029-1024x1024.webp\",\"datePublished\":\"2023-01-24T01:36:15+00:00\",\"dateModified\":\"2023-03-20T11:18:30+00:00\",\"breadcrumb\":{\"@id\":\"https:\/\/archdevtech.com\/index.php\/servicos\/#breadcrumb\"},\"inLanguage\":\"pt-BR\",\"potentialAction\":[{\"@type\":\"ReadAction\",\"target\":[\"https:\/\/archdevtech.com\/index.php\/servicos\/\"]}]},{\"@type\":\"ImageObject\",\"inLanguage\":\"pt-BR\",\"@id\":\"https:\/\/archdevtech.com\/index.php\/servicos\/#primaryimage\",\"url\":\"https:\/\/archdevtech.com\/wp-content\/uploads\/2023\/01\/ilustracao-de-erp-de-design-plano-desenhado-a-mao_23-2149365029-1024x1024.webp\",\"contentUrl\":\"https:\/\/archdevtech.com\/wp-content\/uploads\/2023\/01\/ilustracao-de-erp-de-design-plano-desenhado-a-mao_23-2149365029-1024x1024.webp\"},{\"@type\":\"BreadcrumbList\",\"@id\":\"https:\/\/archdevtech.com\/index.php\/servicos\/#breadcrumb\",\"itemListElement\":[{\"@type\":\"ListItem\",\"position\":1,\"name\":\"In\u00edcio\",\"item\":\"https:\/\/archdevtech.com\/\"},{\"@type\":\"ListItem\",\"position\":2,\"name\":\"Servi\u00e7os\"}]},{\"@type\":\"WebSite\",\"@id\":\"https:\/\/archdevtech.com\/#website\",\"url\":\"https:\/\/archdevtech.com\/\",\"name\":\"ArchDev Tecnologia em Sistemas\",\"description\":\"\",\"publisher\":{\"@id\":\"https:\/\/archdevtech.com\/#organization\"},\"potentialAction\":[{\"@type\":\"SearchAction\",\"target\":{\"@type\":\"EntryPoint\",\"urlTemplate\":\"https:\/\/archdevtech.com\/?s={search_term_string}\"},\"query-input\":{\"@type\":\"PropertyValueSpecification\",\"valueRequired\":true,\"valueName\":\"search_term_string\"}}],\"inLanguage\":\"pt-BR\"},{\"@type\":\"Organization\",\"@id\":\"https:\/\/archdevtech.com\/#organization\",\"name\":\"ArchDev Tecnologia em Sistemas\",\"url\":\"https:\/\/archdevtech.com\/\",\"logo\":{\"@type\":\"ImageObject\",\"inLanguage\":\"pt-BR\",\"@id\":\"https:\/\/archdevtech.com\/#\/schema\/logo\/image\/\",\"url\":\"https:\/\/archdevtech.com\/wp-content\/uploads\/2025\/07\/Archdev_final_original_500px.png\",\"contentUrl\":\"https:\/\/archdevtech.com\/wp-content\/uploads\/2025\/07\/Archdev_final_original_500px.png\",\"width\":500,\"height\":96,\"caption\":\"ArchDev Tecnologia em Sistemas\"},\"image\":{\"@id\":\"https:\/\/archdevtech.com\/#\/schema\/logo\/image\/\"}}]}<\/script>\n<!-- \/ Yoast SEO plugin. -->","yoast_head_json":{"title":"Servi\u00e7os - ArchDev Tecnologia.","robots":{"index":"index","follow":"follow","max-snippet":"max-snippet:-1","max-image-preview":"max-image-preview:large","max-video-preview":"max-video-preview:-1"},"canonical":"https:\/\/archdevtech.com\/index.php\/servicos\/","og_locale":"pt_BR","og_type":"article","og_title":"Servi\u00e7os - ArchDev Tecnologia.","og_description":"ERP TOTVS\u00ae Protheus Desenvolvimento Web Bancos de dados","og_url":"https:\/\/archdevtech.com\/index.php\/servicos\/","og_site_name":"ArchDev Tecnologia.","article_modified_time":"2023-03-20T11:18:30+00:00","og_image":[{"url":"https:\/\/archdevtech.com\/wp-content\/uploads\/2023\/01\/ilustracao-de-erp-de-design-plano-desenhado-a-mao_23-2149365029-1024x1024.webp","type":"","width":"","height":""}],"twitter_card":"summary_large_image","twitter_misc":{"Est. tempo de leitura":"2 minutos"},"schema":{"@context":"https:\/\/schema.org","@graph":[{"@type":"WebPage","@id":"https:\/\/archdevtech.com\/index.php\/servicos\/","url":"https:\/\/archdevtech.com\/index.php\/servicos\/","name":"Servi\u00e7os - ArchDev Tecnologia.","isPartOf":{"@id":"https:\/\/archdevtech.com\/#website"},"primaryImageOfPage":{"@id":"https:\/\/archdevtech.com\/index.php\/servicos\/#primaryimage"},"image":{"@id":"https:\/\/archdevtech.com\/index.php\/servicos\/#primaryimage"},"thumbnailUrl":"https:\/\/archdevtech.com\/wp-content\/uploads\/2023\/01\/ilustracao-de-erp-de-design-plano-desenhado-a-mao_23-2149365029-1024x1024.webp","datePublished":"2023-01-24T01:36:15+00:00","dateModified":"2023-03-20T11:18:30+00:00","breadcrumb":{"@id":"https:\/\/archdevtech.com\/index.php\/servicos\/#breadcrumb"},"inLanguage":"pt-BR","potentialAction":[{"@type":"ReadAction","target":["https:\/\/archdevtech.com\/index.php\/servicos\/"]}]},{"@type":"ImageObject","inLanguage":"pt-BR","@id":"https:\/\/archdevtech.com\/index.php\/servicos\/#primaryimage","url":"https:\/\/archdevtech.com\/wp-content\/uploads\/2023\/01\/ilustracao-de-erp-de-design-plano-desenhado-a-mao_23-2149365029-1024x1024.webp","contentUrl":"https:\/\/archdevtech.com\/wp-content\/uploads\/2023\/01\/ilustracao-de-erp-de-design-plano-desenhado-a-mao_23-2149365029-1024x1024.webp"},{"@type":"BreadcrumbList","@id":"https:\/\/archdevtech.com\/index.php\/servicos\/#breadcrumb","itemListElement":[{"@type":"ListItem","position":1,"name":"In\u00edcio","item":"https:\/\/archdevtech.com\/"},{"@type":"ListItem","position":2,"name":"Servi\u00e7os"}]},{"@type":"WebSite","@id":"https:\/\/archdevtech.com\/#website","url":"https:\/\/archdevtech.com\/","name":"ArchDev Tecnologia em Sistemas","description":"","publisher":{"@id":"https:\/\/archdevtech.com\/#organization"},"potentialAction":[{"@type":"SearchAction","target":{"@type":"EntryPoint","urlTemplate":"https:\/\/archdevtech.com\/?s={search_term_string}"},"query-input":{"@type":"PropertyValueSpecification","valueRequired":true,"valueName":"search_term_string"}}],"inLanguage":"pt-BR"},{"@type":"Organization","@id":"https:\/\/archdevtech.com\/#organization","name":"ArchDev Tecnologia em Sistemas","url":"https:\/\/archdevtech.com\/","logo":{"@type":"ImageObject","inLanguage":"pt-BR","@id":"https:\/\/archdevtech.com\/#\/schema\/logo\/image\/","url":"https:\/\/archdevtech.com\/wp-content\/uploads\/2025\/07\/Archdev_final_original_500px.png","contentUrl":"https:\/\/archdevtech.com\/wp-content\/uploads\/2025\/07\/Archdev_final_original_500px.png","width":500,"height":96,"caption":"ArchDev Tecnologia em Sistemas"},"image":{"@id":"https:\/\/archdevtech.com\/#\/schema\/logo\/image\/"}}]}},"_links":{"self":[{"href":"https:\/\/archdevtech.com\/index.php\/wp-json\/wp\/v2\/pages\/174","targetHints":{"allow":["GET"]}}],"collection":[{"href":"https:\/\/archdevtech.com\/index.php\/wp-json\/wp\/v2\/pages"}],"about":[{"href":"https:\/\/archdevtech.com\/index.php\/wp-json\/wp\/v2\/types\/page"}],"author":[{"embeddable":true,"href":"https:\/\/archdevtech.com\/index.php\/wp-json\/wp\/v2\/users\/1"}],"replies":[{"embeddable":true,"href":"https:\/\/archdevtech.com\/index.php\/wp-json\/wp\/v2\/comments?post=174"}],"version-history":[{"count":4,"href":"https:\/\/archdevtech.com\/index.php\/wp-json\/wp\/v2\/pages\/174\/revisions"}],"predecessor-version":[{"id":244,"href":"https:\/\/archdevtech.com\/index.php\/wp-json\/wp\/v2\/pages\/174\/revisions\/244"}],"wp:attachment":[{"href":"https:\/\/archdevtech.com\/index.php\/wp-json\/wp\/v2\/media?parent=174"}],"curies":[{"name":"wp","href":"https:\/\/api.w.org\/{rel}","templated":true}]}}